{"id":607,"date":"2024-04-29T19:36:50","date_gmt":"2024-04-29T19:36:50","guid":{"rendered":"https:\/\/sksolarbolivia.com\/?post_type=product&#038;p=607"},"modified":"2024-04-29T19:36:50","modified_gmt":"2024-04-29T19:36:50","slug":"controlador-vs-6024","status":"publish","type":"product","link":"https:\/\/sksolarbolivia.com\/index.php\/product\/controlador-vs-6024\/","title":{"rendered":"Controlador Vs 6024"},"content":{"rendered":"<p>La serie LandStar E(EU) es un controlador de carga solar confiable, estable y econ\u00f3mico, f\u00e1cil de operar. Tiene una salida de terminal USB de +5 V\/1,2 A\u00a0 que puede cargar tel\u00e9fonos m\u00f3viles, alimentar ventiladores de CC y otros dispositivos electr\u00f3nicos de CC.<\/p>\n","protected":false},"excerpt":{"rendered":"<p><span class=\"OYPEnA text-decoration-none text-strikethrough-none\">PWM<\/span><span class=\"OYPEnA text-decoration-none text-strikethrough-none\"> 60A 12\/24V<\/span><\/p>\n<p>MARCA: EPEVER<\/p>\n<p>&nbsp;<\/p>\n<p>ESPECIFICACIONES Y MANUAL<\/p>\n<p><a href=\"https:\/\/sksolarbolivia.com\/wp-content\/uploads\/2024\/04\/EPEVER-Datasheet_VS-AU.pdf\">EPEVER-Datasheet_VS-AU<\/a><\/p>\n<p><a href=\"https:\/\/sksolarbolivia.com\/wp-content\/uploads\/2024\/04\/VS-AU-SMS-EL-V1.2.pdf\">VS-AU-SMS-EL-V1.2<\/a><\/p>\n","protected":false},"featured_media":608,"template":"","meta":{"site-sidebar-layout":"default","site-content-layout":"","ast-site-content-layout":"default","site-content-style":"default","site-sidebar-style":"default","ast-global-header-display":"","ast-banner-title-visibility":"","ast-main-header-display":"","ast-hfb-above-header-display":"","ast-hfb-below-header-display":"","ast-hfb-mobile-header-display":"","site-post-title":"","ast-breadcrumbs-content":"","ast-featured-img":"","footer-sml-layout":"","theme-transparent-header-meta":"default","adv-header-id-meta":"","stick-header-meta":"","header-above-stick-meta":"","header-main-stick-meta":"","header-below-stick-meta":"","astra-migrate-meta-layouts":"set","ast-page-background-enabled":"default","ast-page-background-meta":{"desktop":{"background-color":"","background-image":"","background-repeat":"repeat","background-position":"center center","background-size":"auto","background-attachment":"scroll","background-type":"","background-media":"","overlay-type":"","overlay-color":"","overlay-gradient":""},"tablet":{"background-color":"","background-image":"","background-repeat":"repeat","background-position":"center center","background-size":"auto","background-attachment":"scroll","background-type":"","background-media":"","overlay-type":"","overlay-color":"","overlay-gradient":""},"mobile":{"background-color":"","background-image":"","background-repeat":"repeat","background-position":"center center","background-size":"auto","background-attachment":"scroll","background-type":"","background-media":"","overlay-type":"","overlay-color":"","overlay-gradient":""}},"ast-content-background-meta":{"desktop":{"background-color":"var(--ast-global-color-5)","background-image":"","background-repeat":"repeat","background-position":"center center","background-size":"auto","background-attachment":"scroll","background-type":"","background-media":"","overlay-type":"","overlay-color":"","overlay-gradient":""},"tablet":{"background-color":"var(--ast-global-color-5)","background-image":"","background-repeat":"repeat","background-position":"center center","background-size":"auto","background-attachment":"scroll","background-type":"","background-media":"","overlay-type":"","overlay-color":"","overlay-gradient":""},"mobile":{"background-color":"var(--ast-global-color-5)","background-image":"","background-repeat":"repeat","background-position":"center center","background-size":"auto","background-attachment":"scroll","background-type":"","background-media":"","overlay-type":"","overlay-color":"","overlay-gradient":""}}},"product_cat":[24],"product_tag":[],"class_list":{"0":"post-607","1":"product","2":"type-product","3":"status-publish","4":"has-post-thumbnail","6":"product_cat-controlador-de-carga","7":"desktop-align-left","8":"tablet-align-left","9":"mobile-align-left","11":"first","12":"instock","13":"shipping-taxable","14":"purchasable","15":"product-type-simple"},"_links":{"self":[{"href":"https:\/\/sksolarbolivia.com\/index.php\/wp-json\/wp\/v2\/product\/607","targetHints":{"allow":["GET"]}}],"collection":[{"href":"https:\/\/sksolarbolivia.com\/index.php\/wp-json\/wp\/v2\/product"}],"about":[{"href":"https:\/\/sksolarbolivia.com\/index.php\/wp-json\/wp\/v2\/types\/product"}],"wp:featuredmedia":[{"embeddable":true,"href":"https:\/\/sksolarbolivia.com\/index.php\/wp-json\/wp\/v2\/media\/608"}],"wp:attachment":[{"href":"https:\/\/sksolarbolivia.com\/index.php\/wp-json\/wp\/v2\/media?parent=607"}],"wp:term":[{"taxonomy":"product_cat","embeddable":true,"href":"https:\/\/sksolarbolivia.com\/index.php\/wp-json\/wp\/v2\/product_cat?post=607"},{"taxonomy":"product_tag","embeddable":true,"href":"https:\/\/sksolarbolivia.com\/index.php\/wp-json\/wp\/v2\/product_tag?post=607"}],"curies":[{"name":"wp","href":"https:\/\/api.w.org\/{rel}","templated":true}]}}