{"id":631,"date":"2024-04-29T20:23:02","date_gmt":"2024-04-29T20:23:02","guid":{"rendered":"https:\/\/sksolarbolivia.com\/?post_type=product&#038;p=631"},"modified":"2024-04-29T20:23:02","modified_gmt":"2024-04-29T20:23:02","slug":"controlador-tracer-6415","status":"publish","type":"product","link":"https:\/\/sksolarbolivia.com\/index.php\/product\/controlador-tracer-6415\/","title":{"rendered":"Controlador TRACER 6415"},"content":{"rendered":"<p>La serie Tracer-AN (50A-100A) es la serie de controladores de carga m\u00e1s grande de la gama de productos de EPEVER y puede admitir paneles solares de hasta 5 KW, adopta la tecnolog\u00eda MPPT (seguimiento del punto de m\u00e1xima potencia). En cualquier situaci\u00f3n, puede rastrear el punto de m\u00e1xima potencia (MPP) del panel solar y obtener la m\u00e1xima energ\u00eda solar de forma r\u00e1pida y precisa. Puede generar hasta un 30% m\u00e1s de energ\u00eda en comparaci\u00f3n con el controlador de carga PWM<\/p>\n","protected":false},"excerpt":{"rendered":"<h6>MARCA: EPEVER<\/h6>\n<h6 class=\"cvGsUA direction-ltr align-start para-style-body\"><span class=\"OYPEnA text-decoration-none text-strikethrough-none\">MPPT<\/span><span class=\"OYPEnA text-decoration-none text-strikethrough-none\"> 60A 150V<\/span><\/h6>\n<h6 class=\"cvGsUA direction-ltr align-start para-style-body\"><span class=\"OYPEnA text-decoration-none text-strikethrough-none\">MAX PV: 750W\/12V<\/span><\/h6>\n<h6 class=\"cvGsUA direction-ltr align-start para-style-body\">\u00a0 \u00a0 \u00a0 \u00a0 \u00a0 \u00a0 \u00a0 <span class=\"OYPEnA text-decoration-none text-strikethrough-none\">1500W\/24V<\/span><\/h6>\n<h6 class=\"cvGsUA direction-ltr align-start para-style-body\"><span class=\"OYPEnA text-decoration-none text-strikethrough-none\">\u00a0 \u00a0 \u00a0 \u00a0 \u00a0 \u00a0 2250W\/36V<\/span><\/h6>\n<h6 class=\"cvGsUA direction-ltr align-start para-style-body\"><span class=\"OYPEnA text-decoration-none text-strikethrough-none\">\u00a0 \u00a0 \u00a0 \u00a0 \u00a0 3000W\/48V<\/span><\/h6>\n<h6><\/h6>\n<h5>ESPECIFICACION Y MANUAL<\/h5>\n<p><a href=\"https:\/\/sksolarbolivia.com\/wp-content\/uploads\/2024\/04\/EPEVER-Tracer-AN50A-100A-Series-Datasheet-1.pdf\">EPEVER-Tracer-AN50A-100A-Series-Datasheet (1)<\/a><\/p>\n<p><a href=\"https:\/\/sksolarbolivia.com\/wp-content\/uploads\/2024\/04\/Tracer-AN50-100A-Manual-EN-V4.0.pdf\">Tracer-AN50-100A-Manual-EN-V4.0<\/a><\/p>\n<p>&nbsp;<\/p>\n","protected":false},"featured_media":632,"template":"","meta":{"site-sidebar-layout":"default","site-content-layout":"","ast-site-content-layout":"default","site-content-style":"default","site-sidebar-style":"default","ast-global-header-display":"","ast-banner-title-visibility":"","ast-main-header-display":"","ast-hfb-above-header-display":"","ast-hfb-below-header-display":"","ast-hfb-mobile-header-display":"","site-post-title":"","ast-breadcrumbs-content":"","ast-featured-img":"","footer-sml-layout":"","theme-transparent-header-meta":"default","adv-header-id-meta":"","stick-header-meta":"","header-above-stick-meta":"","header-main-stick-meta":"","header-below-stick-meta":"","astra-migrate-meta-layouts":"set","ast-page-background-enabled":"default","ast-page-background-meta":{"desktop":{"background-color":"","background-image":"","background-repeat":"repeat","background-position":"center center","background-size":"auto","background-attachment":"scroll","background-type":"","background-media":"","overlay-type":"","overlay-color":"","overlay-gradient":""},"tablet":{"background-color":"","background-image":"","background-repeat":"repeat","background-position":"center center","background-size":"auto","background-attachment":"scroll","background-type":"","background-media":"","overlay-type":"","overlay-color":"","overlay-gradient":""},"mobile":{"background-color":"","background-image":"","background-repeat":"repeat","background-position":"center center","background-size":"auto","background-attachment":"scroll","background-type":"","background-media":"","overlay-type":"","overlay-color":"","overlay-gradient":""}},"ast-content-background-meta":{"desktop":{"background-color":"var(--ast-global-color-5)","background-image":"","background-repeat":"repeat","background-position":"center center","background-size":"auto","background-attachment":"scroll","background-type":"","background-media":"","overlay-type":"","overlay-color":"","overlay-gradient":""},"tablet":{"background-color":"var(--ast-global-color-5)","background-image":"","background-repeat":"repeat","background-position":"center center","background-size":"auto","background-attachment":"scroll","background-type":"","background-media":"","overlay-type":"","overlay-color":"","overlay-gradient":""},"mobile":{"background-color":"var(--ast-global-color-5)","background-image":"","background-repeat":"repeat","background-position":"center center","background-size":"auto","background-attachment":"scroll","background-type":"","background-media":"","overlay-type":"","overlay-color":"","overlay-gradient":""}}},"product_cat":[24],"product_tag":[],"class_list":{"0":"post-631","1":"product","2":"type-product","3":"status-publish","4":"has-post-thumbnail","6":"product_cat-controlador-de-carga","7":"desktop-align-left","8":"tablet-align-left","9":"mobile-align-left","11":"first","12":"instock","13":"shipping-taxable","14":"purchasable","15":"product-type-simple"},"_links":{"self":[{"href":"https:\/\/sksolarbolivia.com\/index.php\/wp-json\/wp\/v2\/product\/631","targetHints":{"allow":["GET"]}}],"collection":[{"href":"https:\/\/sksolarbolivia.com\/index.php\/wp-json\/wp\/v2\/product"}],"about":[{"href":"https:\/\/sksolarbolivia.com\/index.php\/wp-json\/wp\/v2\/types\/product"}],"wp:featuredmedia":[{"embeddable":true,"href":"https:\/\/sksolarbolivia.com\/index.php\/wp-json\/wp\/v2\/media\/632"}],"wp:attachment":[{"href":"https:\/\/sksolarbolivia.com\/index.php\/wp-json\/wp\/v2\/media?parent=631"}],"wp:term":[{"taxonomy":"product_cat","embeddable":true,"href":"https:\/\/sksolarbolivia.com\/index.php\/wp-json\/wp\/v2\/product_cat?post=631"},{"taxonomy":"product_tag","embeddable":true,"href":"https:\/\/sksolarbolivia.com\/index.php\/wp-json\/wp\/v2\/product_tag?post=631"}],"curies":[{"name":"wp","href":"https:\/\/api.w.org\/{rel}","templated":true}]}}