{"id":678,"date":"2024-04-30T17:20:45","date_gmt":"2024-04-30T17:20:45","guid":{"rendered":"https:\/\/sksolarbolivia.com\/?post_type=product&#038;p=678"},"modified":"2024-04-30T17:20:45","modified_gmt":"2024-04-30T17:20:45","slug":"inversor-cargador-upower-up3000-m2142","status":"publish","type":"product","link":"https:\/\/sksolarbolivia.com\/index.php\/product\/inversor-cargador-upower-up3000-m2142\/","title":{"rendered":"INVERSOR\/CARGADOR UPOWER UP3000-M2142"},"content":{"rendered":"<p>La serie UPower es un inversor\/cargador con potencia de 1KVA a 5KVA, que combina un controlador de carga solar MPPT, un inversor de onda sinusoidal pura y un cargador AC\/DC en una sola unidad. El inversor y el cargador AC\/DC pueden funcionar simult\u00e1neamente, lo que hace que UPower se adapte perfectamente a aplicaciones residenciales, escuelas, caba\u00f1as y \u00e1reas donde la electricidad no es estable o aplicaciones que necesitan energ\u00eda ininterrumpida.<\/p>\n","protected":false},"excerpt":{"rendered":"<p>INVERSOR, CONTROLADOR DE CARGA, CARGADOR DE BATERIA<\/p>\n<p class=\"cvGsUA direction-ltr align-start para-style-body\"><span class=\"OYPEnA text-decoration-none text-strikethrough-none\">48V<\/span><span class=\"OYPEnA text-decoration-none text-strikethrough-none\"> 220V 50\/60HZ MPPT<\/span><\/p>\n<p class=\"cvGsUA direction-ltr align-start para-style-body\"><span class=\"OYPEnA text-decoration-none text-strikethrough-none\">POTENCIA CONTINUA: 2400W<\/span><\/p>\n<p class=\"cvGsUA direction-ltr align-start para-style-body\"><span class=\"OYPEnA text-decoration-none text-strikethrough-none\">POTENCIA MAX DE SURTO: 6000W<\/span><\/p>\n<p class=\"cvGsUA direction-ltr align-start para-style-body\"><span class=\"OYPEnA text-decoration-none text-strikethrough-none\">MAX PV:<\/span><span class=\"OYPEnA text-decoration-none text-strikethrough-none\"> 1040W-20A-150V<\/span><\/p>\n<p>&nbsp;<\/p>\n<h5>ESPECIFICACION Y MANUAL<\/h5>\n<p><a href=\"https:\/\/sksolarbolivia.com\/wp-content\/uploads\/2024\/04\/UPower-Manual-EN-V2.3.pdf\">UPower-Manual-EN-V2.3<\/a><\/p>\n<p><a href=\"https:\/\/sksolarbolivia.com\/wp-content\/uploads\/2024\/04\/EPEVER-Datasheet_UPower.pdf\">EPEVER-Datasheet_UPower<\/a><\/p>\n<p>&nbsp;<\/p>\n","protected":false},"featured_media":679,"template":"","meta":{"site-sidebar-layout":"default","site-content-layout":"","ast-site-content-layout":"default","site-content-style":"default","site-sidebar-style":"default","ast-global-header-display":"","ast-banner-title-visibility":"","ast-main-header-display":"","ast-hfb-above-header-display":"","ast-hfb-below-header-display":"","ast-hfb-mobile-header-display":"","site-post-title":"","ast-breadcrumbs-content":"","ast-featured-img":"","footer-sml-layout":"","theme-transparent-header-meta":"default","adv-header-id-meta":"","stick-header-meta":"","header-above-stick-meta":"","header-main-stick-meta":"","header-below-stick-meta":"","astra-migrate-meta-layouts":"set","ast-page-background-enabled":"default","ast-page-background-meta":{"desktop":{"background-color":"","background-image":"","background-repeat":"repeat","background-position":"center center","background-size":"auto","background-attachment":"scroll","background-type":"","background-media":"","overlay-type":"","overlay-color":"","overlay-gradient":""},"tablet":{"background-color":"","background-image":"","background-repeat":"repeat","background-position":"center center","background-size":"auto","background-attachment":"scroll","background-type":"","background-media":"","overlay-type":"","overlay-color":"","overlay-gradient":""},"mobile":{"background-color":"","background-image":"","background-repeat":"repeat","background-position":"center center","background-size":"auto","background-attachment":"scroll","background-type":"","background-media":"","overlay-type":"","overlay-color":"","overlay-gradient":""}},"ast-content-background-meta":{"desktop":{"background-color":"var(--ast-global-color-5)","background-image":"","background-repeat":"repeat","background-position":"center center","background-size":"auto","background-attachment":"scroll","background-type":"","background-media":"","overlay-type":"","overlay-color":"","overlay-gradient":""},"tablet":{"background-color":"var(--ast-global-color-5)","background-image":"","background-repeat":"repeat","background-position":"center center","background-size":"auto","background-attachment":"scroll","background-type":"","background-media":"","overlay-type":"","overlay-color":"","overlay-gradient":""},"mobile":{"background-color":"var(--ast-global-color-5)","background-image":"","background-repeat":"repeat","background-position":"center center","background-size":"auto","background-attachment":"scroll","background-type":"","background-media":"","overlay-type":"","overlay-color":"","overlay-gradient":""}}},"product_cat":[28],"product_tag":[],"class_list":{"0":"post-678","1":"product","2":"type-product","3":"status-publish","4":"has-post-thumbnail","6":"product_cat-inversor-cargador","7":"desktop-align-left","8":"tablet-align-left","9":"mobile-align-left","11":"first","12":"instock","13":"shipping-taxable","14":"purchasable","15":"product-type-simple"},"_links":{"self":[{"href":"https:\/\/sksolarbolivia.com\/index.php\/wp-json\/wp\/v2\/product\/678","targetHints":{"allow":["GET"]}}],"collection":[{"href":"https:\/\/sksolarbolivia.com\/index.php\/wp-json\/wp\/v2\/product"}],"about":[{"href":"https:\/\/sksolarbolivia.com\/index.php\/wp-json\/wp\/v2\/types\/product"}],"wp:featuredmedia":[{"embeddable":true,"href":"https:\/\/sksolarbolivia.com\/index.php\/wp-json\/wp\/v2\/media\/679"}],"wp:attachment":[{"href":"https:\/\/sksolarbolivia.com\/index.php\/wp-json\/wp\/v2\/media?parent=678"}],"wp:term":[{"taxonomy":"product_cat","embeddable":true,"href":"https:\/\/sksolarbolivia.com\/index.php\/wp-json\/wp\/v2\/product_cat?post=678"},{"taxonomy":"product_tag","embeddable":true,"href":"https:\/\/sksolarbolivia.com\/index.php\/wp-json\/wp\/v2\/product_tag?post=678"}],"curies":[{"name":"wp","href":"https:\/\/api.w.org\/{rel}","templated":true}]}}