{"id":721,"date":"2024-05-02T15:48:46","date_gmt":"2024-05-02T15:48:46","guid":{"rendered":"https:\/\/sksolarbolivia.com\/?post_type=product&#038;p=721"},"modified":"2024-05-03T20:58:33","modified_gmt":"2024-05-03T20:58:33","slug":"bomba-centrifuga-sumergible-solar-3spw1-11p-600w","status":"publish","type":"product","link":"https:\/\/sksolarbolivia.com\/index.php\/product\/bomba-centrifuga-sumergible-solar-3spw1-11p-600w\/","title":{"rendered":"BOMBA CENTR\u00cdFUGA SUMERGIBLE SOLAR 3SPW1-11P 600W ALTURA MAX 88M"},"content":{"rendered":"<div>BOMBA SOLAR SUMERGIBLE<\/div>\n<div>MARCA: SAMKING<\/div>\n<div>VENTAJAS<\/div>\n<div><span>\u25cf Motor de doble blindaje, sin escobillas (BLDC), de im\u00e1n permanente.\u00a0<\/span><\/div>\n<div><span>\u25cf Motor con cojinete de empuje, lleno de agua encapsulada\u00a0<\/span><\/div>\n<div><span>\u25cf MPPT de alta eficiencia\u00a0<\/span><\/div>\n<div><span>\u25cf Modelo de control de dise\u00f1o propio del usuario, ejecuci\u00f3n autom\u00e1tica.\u00a0<\/span><\/div>\n<div><span>\u25cf Control del nivel de agua del tanque\u00a0<\/span><\/div>\n<div><span>\u25cf control del nivel de agua del pozo\u00a0<\/span><\/div>\n<div><span>\u25cf Protecci\u00f3n contra funcionamiento en seco\u00a0<\/span><\/div>\n<div><span>\u25cf Protecci\u00f3n contra sobrecorriente\u00a0<\/span><\/div>\n<div><span>\u25cf Protecci\u00f3n contra sobretensi\u00f3n\u00a0<\/span><\/div>\n<div><span>\u25cf Protecci\u00f3n contra exceso de potencia\u00a0<\/span><\/div>\n<div><span>\u25cf Protecci\u00f3n contra sobrecarga\u00a0<\/span><\/div>\n<div><span>\u25cf Protecci\u00f3n inversa\u00a0<\/span><\/div>\n<div><span>\u25cf Iluminaci\u00f3n y protecci\u00f3n contra sobretensiones\u00a0<\/span><\/div>\n<div><span>\u25cf Protecci\u00f3n contra sobrecalentamiento\u00a0<\/span><\/div>\n<div><span>\u25cf Funci\u00f3n GPRS RMS (Opcional)\u00a0<\/span><\/div>\n<div><span>\u25cf Visualizaci\u00f3n de voltaje\/corriente\/potencia\/RPM\/temperatura del controlador (modelos de controlador externo)\u00a0<\/span><\/div>\n<div><span>\u25cf Informe de error (modelos de controlador externo)\u00a0<\/span><\/div>\n<div><img fetchpriority=\"high\" decoding=\"async\" class=\"alignnone size-medium wp-image-722\" src=\"https:\/\/sksolarbolivia.com\/wp-content\/uploads\/2024\/05\/20230130170552_63d788704e8c3-257x300.jpg\" alt=\"\" width=\"257\" height=\"300\" srcset=\"https:\/\/sksolarbolivia.com\/wp-content\/uploads\/2024\/05\/20230130170552_63d788704e8c3-257x300.jpg 257w, https:\/\/sksolarbolivia.com\/wp-content\/uploads\/2024\/05\/20230130170552_63d788704e8c3-768x895.jpg 768w, https:\/\/sksolarbolivia.com\/wp-content\/uploads\/2024\/05\/20230130170552_63d788704e8c3-600x699.jpg 600w, https:\/\/sksolarbolivia.com\/wp-content\/uploads\/2024\/05\/20230130170552_63d788704e8c3.jpg 772w\" sizes=\"(max-width: 257px) 100vw, 257px\" \/><\/div>\n<div><\/div>\n","protected":false},"excerpt":{"rendered":"<p class=\"cvGsUA direction-ltr align-start para-style-body\"><span class=\"OYPEnA text-decoration-none text-strikethrough-none\">DC &#8211; PV 600W &#8211; 65\/110Vmp<\/span><\/p>\n<p class=\"cvGsUA direction-ltr align-start para-style-body\"><span class=\"OYPEnA text-decoration-none text-strikethrough-none\">3 PULGADAS<\/span><\/p>\n<p class=\"cvGsUA direction-ltr align-start para-style-body\"><span class=\"OYPEnA text-decoration-none text-strikethrough-none\">CONTROLADOR EXTERNO<\/span><\/p>\n<p class=\"cvGsUA direction-ltr align-start para-style-body\"><span class=\"OYPEnA text-decoration-none text-strikethrough-none\">ALTURA MAX: 88M<\/span><\/p>\n<p class=\"cvGsUA direction-ltr align-start para-style-body\"><span class=\"OYPEnA text-decoration-none text-strikethrough-none\">CAUDAL MAX: 60Lt\/Min<\/span><\/p>\n<p class=\"cvGsUA direction-ltr align-start para-style-body\"><span class=\"OYPEnA text-decoration-none text-strikethrough-none\">SALIDA: 1.5\u201d<\/span><\/p>\n","protected":false},"featured_media":723,"template":"","meta":{"site-sidebar-layout":"default","site-content-layout":"","ast-site-content-layout":"default","site-content-style":"default","site-sidebar-style":"default","ast-global-header-display":"","ast-banner-title-visibility":"","ast-main-header-display":"","ast-hfb-above-header-display":"","ast-hfb-below-header-display":"","ast-hfb-mobile-header-display":"","site-post-title":"","ast-breadcrumbs-content":"","ast-featured-img":"","footer-sml-layout":"","theme-transparent-header-meta":"default","adv-header-id-meta":"","stick-header-meta":"","header-above-stick-meta":"","header-main-stick-meta":"","header-below-stick-meta":"","astra-migrate-meta-layouts":"set","ast-page-background-enabled":"default","ast-page-background-meta":{"desktop":{"background-color":"","background-image":"","background-repeat":"repeat","background-position":"center center","background-size":"auto","background-attachment":"scroll","background-type":"","background-media":"","overlay-type":"","overlay-color":"","overlay-gradient":""},"tablet":{"background-color":"","background-image":"","background-repeat":"repeat","background-position":"center center","background-size":"auto","background-attachment":"scroll","background-type":"","background-media":"","overlay-type":"","overlay-color":"","overlay-gradient":""},"mobile":{"background-color":"","background-image":"","background-repeat":"repeat","background-position":"center center","background-size":"auto","background-attachment":"scroll","background-type":"","background-media":"","overlay-type":"","overlay-color":"","overlay-gradient":""}},"ast-content-background-meta":{"desktop":{"background-color":"var(--ast-global-color-5)","background-image":"","background-repeat":"repeat","background-position":"center center","background-size":"auto","background-attachment":"scroll","background-type":"","background-media":"","overlay-type":"","overlay-color":"","overlay-gradient":""},"tablet":{"background-color":"var(--ast-global-color-5)","background-image":"","background-repeat":"repeat","background-position":"center center","background-size":"auto","background-attachment":"scroll","background-type":"","background-media":"","overlay-type":"","overlay-color":"","overlay-gradient":""},"mobile":{"background-color":"var(--ast-global-color-5)","background-image":"","background-repeat":"repeat","background-position":"center center","background-size":"auto","background-attachment":"scroll","background-type":"","background-media":"","overlay-type":"","overlay-color":"","overlay-gradient":""}}},"product_cat":[30],"product_tag":[],"class_list":{"0":"post-721","1":"product","2":"type-product","3":"status-publish","4":"has-post-thumbnail","6":"product_cat-bombas-de-agua","7":"desktop-align-left","8":"tablet-align-left","9":"mobile-align-left","11":"first","12":"instock","13":"shipping-taxable","14":"purchasable","15":"product-type-simple"},"_links":{"self":[{"href":"https:\/\/sksolarbolivia.com\/index.php\/wp-json\/wp\/v2\/product\/721","targetHints":{"allow":["GET"]}}],"collection":[{"href":"https:\/\/sksolarbolivia.com\/index.php\/wp-json\/wp\/v2\/product"}],"about":[{"href":"https:\/\/sksolarbolivia.com\/index.php\/wp-json\/wp\/v2\/types\/product"}],"wp:featuredmedia":[{"embeddable":true,"href":"https:\/\/sksolarbolivia.com\/index.php\/wp-json\/wp\/v2\/media\/723"}],"wp:attachment":[{"href":"https:\/\/sksolarbolivia.com\/index.php\/wp-json\/wp\/v2\/media?parent=721"}],"wp:term":[{"taxonomy":"product_cat","embeddable":true,"href":"https:\/\/sksolarbolivia.com\/index.php\/wp-json\/wp\/v2\/product_cat?post=721"},{"taxonomy":"product_tag","embeddable":true,"href":"https:\/\/sksolarbolivia.com\/index.php\/wp-json\/wp\/v2\/product_tag?post=721"}],"curies":[{"name":"wp","href":"https:\/\/api.w.org\/{rel}","templated":true}]}}